{"id":469,"date":"2015-09-24T10:49:19","date_gmt":"2015-09-24T09:49:19","guid":{"rendered":"http:\/\/ca.camping-le-puigmal.fr\/?page_id=469"},"modified":"2015-09-24T10:49:46","modified_gmt":"2015-09-24T09:49:46","slug":"estacio-d-esqui","status":"publish","type":"page","link":"https:\/\/camping-le-puigmal.fr\/ca\/estacio-d-esqui\/","title":{"rendered":"Estaci\u00f3 d&#8217; esqu\u00ed"},"content":{"rendered":"<table class=\"table\">\n<colgroup>\n<col \/>\n<col width=\"110\" \/>\n<col width=\"110\" \/> <\/colgroup>\n<tbody>\n<tr>\n<th>Estacions d&#8217;esqu\u00ed de la Cerdanya<\/th>\n<th>Esqu\u00ed alp\u00ed<\/th>\n<th>Esqu\u00ed de fons<\/th>\n<\/tr>\n<tr>\n<td>Le Puigmal &#8211; Cerdanya<br \/>\nT\u00e9l : 04 68 04 03 84<\/td>\n<td style=\"text-align: center;\">1800 \/ 2600 m<\/td>\n<td style=\"text-align: center;\">&#8211;<\/td>\n<\/tr>\n<tr>\n<td>Eyne ( El Cambre d&#8217;Aze ) &#8211; Cerdanya<br \/>\nT\u00e9l : 04 68 04 08 01<\/td>\n<td style=\"text-align: center;\">1640 \/ 2450 m<\/td>\n<td style=\"text-align: center;\">&#8211;<\/td>\n<\/tr>\n<tr>\n<td>Saint Pierre dels Forcats( El Cambre d&#8217;Aze ) &#8211; Cerdanya<br \/>\nT\u00e9l : 04 68 04 25 25<\/td>\n<td style=\"text-align: center;\">1640 \/ 2450 m<\/td>\n<td style=\"text-align: center;\">&#8211;<\/td>\n<\/tr>\n<tr>\n<td>Font-Romeu &#8211; Alta Cerdanya<br \/>\nT\u00e9l : 04 68 30 60 01<\/td>\n<td style=\"text-align: center;\">1600 \/ 2250 m<\/td>\n<td style=\"text-align: center;\">1800 \/ 2000 m<\/td>\n<\/tr>\n<tr>\n<td>Pyr\u00e9n\u00e9es 2000 &#8211; Alta Cerdanya<br \/>\nT\u00e9l : 04 68 30 32 00<\/td>\n<td style=\"text-align: center;\">1600 \/ 2200 m<\/td>\n<td style=\"text-align: center;\">1800 \/ 2000 m<\/td>\n<\/tr>\n<tr>\n<td>Porte-Puymorens &#8211; Alta Cerdanya<br \/>\nT\u00e9l : 04 68 04 820 41<\/td>\n<td style=\"text-align: center;\">1600 \/ 2500 m<\/td>\n<td style=\"text-align: center;\">1600 \/ 2000 m<\/td>\n<\/tr>\n<tr>\n<td>Les Angles &#8211; Capcir<br \/>\nT\u00e9l : 04 68 04 31 31<\/td>\n<td style=\"text-align: center;\">1600 \/ 2400 m<\/td>\n<td style=\"text-align: center;\">1570 \/ 1920 m<\/td>\n<\/tr>\n<tr>\n<td>Puyvalador &#8211; Capcir<br \/>\nT\u00e9l : 04 68 04 44 83<\/td>\n<td style=\"text-align: center;\">1700 \/ 2400 m<\/td>\n<td style=\"text-align: center;\">1700 m<\/td>\n<\/tr>\n<tr>\n<td>Matemale &#8211; Capcir<br \/>\nT\u00e9l : 04 68 04 49 86<\/td>\n<td style=\"text-align: center;\">&#8211;<\/td>\n<td style=\"text-align: center;\">1500 m<\/td>\n<\/tr>\n<tr>\n<td>Formigu\u00e8res &#8211; Capcir<br \/>\nT\u00e9l : 04 68 04 47 35 et 04 68 04 49 86 (Esqu\u00ed de fons)<\/td>\n<td style=\"text-align: center;\">1500 \/ 2400 m<\/td>\n<td style=\"text-align: center;\">1570 \/ 1920 m<\/td>\n<\/tr>\n<tr>\n<td>La Llagonne &#8211; Capcir<br \/>\nT\u00e9l : 04 68 04 49 86<\/td>\n<td style=\"text-align: center;\">&#8211;<\/td>\n<td style=\"text-align: center;\">1700 m<\/td>\n<\/tr>\n<tr>\n<td>La Quillanne &#8211; Capcir ( Centre d&#8217;Esqu\u00ed per infants)<br \/>\nT\u00e9l : 04 68 04 22 25<\/td>\n<td style=\"text-align: center;\">1700 \/ 1810 m<\/td>\n<td style=\"text-align: center;\">1800 m<\/td>\n<\/tr>\n<tr>\n<td>Pas de la Case &#8211; Andorra<\/td>\n<td style=\"text-align: center;\">2050 \/ 2650 m<\/td>\n<td style=\"text-align: center;\">&#8211;<\/td>\n<\/tr>\n<tr>\n<td>La Molina &#8211; Espa\u00f1a<\/td>\n<td style=\"text-align: center;\">1430 \/ 2537 m<\/td>\n<td style=\"text-align: center;\">&#8211;<\/td>\n<\/tr>\n<\/tbody>\n<\/table>\n","protected":false},"excerpt":{"rendered":"<p>Estacions d&#8217;esqu\u00ed de la Cerdanya Esqu\u00ed alp\u00ed Esqu\u00ed de fons Le Puigmal &#8211; Cerdanya T\u00e9l : 04 68 04 03 84 1800 \/ 2600 m &#8211; Eyne ( El Cambre d&#8217;Aze ) &#8211; Cerdanya T\u00e9l : 04 68 04 08 01 1640 \/ 2450 m &#8211; Saint Pierre dels Forcats( El Cambre d&#8217;Aze ) &#8211;<\/p>\n<div class='read-more-button'><a class='read-more-link' href='https:\/\/camping-le-puigmal.fr\/ca\/estacio-d-esqui\/' style='border: 1px solid #257a42'>Read more&#8230;<\/a><\/div>\n","protected":false},"author":2,"featured_media":0,"parent":0,"menu_order":0,"comment_status":"open","ping_status":"open","template":"","meta":{"footnotes":""},"class_list":["post-469","page","type-page","status-publish","hentry"],"aioseo_notices":[],"_links":{"self":[{"href":"https:\/\/camping-le-puigmal.fr\/ca\/wp-json\/wp\/v2\/pages\/469","targetHints":{"allow":["GET"]}}],"collection":[{"href":"https:\/\/camping-le-puigmal.fr\/ca\/wp-json\/wp\/v2\/pages"}],"about":[{"href":"https:\/\/camping-le-puigmal.fr\/ca\/wp-json\/wp\/v2\/types\/page"}],"author":[{"embeddable":true,"href":"https:\/\/camping-le-puigmal.fr\/ca\/wp-json\/wp\/v2\/users\/2"}],"replies":[{"embeddable":true,"href":"https:\/\/camping-le-puigmal.fr\/ca\/wp-json\/wp\/v2\/comments?post=469"}],"version-history":[{"count":0,"href":"https:\/\/camping-le-puigmal.fr\/ca\/wp-json\/wp\/v2\/pages\/469\/revisions"}],"wp:attachment":[{"href":"https:\/\/camping-le-puigmal.fr\/ca\/wp-json\/wp\/v2\/media?parent=469"}],"curies":[{"name":"wp","href":"https:\/\/api.w.org\/{rel}","templated":true}]}}