{"id":495,"date":"2015-10-06T10:28:04","date_gmt":"2015-10-06T09:28:04","guid":{"rendered":"http:\/\/ca.camping-le-puigmal.fr\/?page_id=495"},"modified":"2023-05-11T09:10:27","modified_gmt":"2023-05-11T08:10:27","slug":"informacio-legal","status":"publish","type":"page","link":"https:\/\/camping-le-puigmal.fr\/ca\/informacio-legal\/","title":{"rendered":"Menciones legales  &#8211;  Condiciones Generales de Uso"},"content":{"rendered":"<p>El sitio internet <a href=\"http:\/\/www.camping-le-puigmal.fr\/\">http:\/\/www.camping-le-puigmal.fr<\/a>\u00a0 y las presentes condiciones generales de uso est\u00e1n sometidos a la ley francesa. El usuario reconoce haber le\u00eddo las presentes condiciones de uso y se compromete a respetarlas.<\/p>\n<p>El Camping Le Puigmal se reserva el derecho de\u00a0 modificar las presentes menciones en todo momento. El usuario se compromete a consultarlas regularmente. El usuario se compromete a hacer un uso exclusivamente personal y no comercial de las informaciones expuestas en el sitio <a href=\"http:\/\/www.camping-le-puigmal.fr\/\">http:\/\/www.camping-le-puigmal.fr<\/a><\/p>\n<p>Conforme a las disposiciones del art\u00edculo 6 III \u2013 1 de la ley n\u00b0 2004-575 del 21 de junio de 2004 en materia de confianza dentro del marco de la econom\u00eda num\u00e9rica, le informamos que :<\/p>\n<ul>\n<li>El presente sitio es propiedad exclusiva de la Sra. Marie-Louise VILALTE \u2013 30, route du Puigmal \u2013 66800 ERR \u2013 Tel: 00.33 468 04 71 83 \/ Correo electr\u00f3nico : <a href=\"mailto:contact@camping-le-puigmal.fr\">contact@camping-le-puigmal.fr<\/a> \u2013 SIRET 79020926600010 \/ APE 553OZ<\/li>\n<li>Responsable de la publicaci\u00f3n : Marie-Louise VILALTE<\/li>\n<li>Sitio creado por FBTECE en soporte WordPress<\/li>\n<li>Sitio Web albergado por SARL O2switch \u2013 222-224 Boulevard Gustave Flaubert \u2013 63000 Clermont-Ferrand \u2013 France, RCS Clermont Ferrand ; Siret 510 909 807 00024 \u2013 <a href=\"https:\/\/www.o2switch.fr\/\">https:\/\/www.o2switch.fr\/<\/a><\/li>\n<li>Copyright : Marie-Louise VILALTE<\/li>\n<li>Fotograf\u00eda : Marie-Louise VILALTE<\/li>\n<\/ul>\n<p><strong>Pol\u00edtica de confidencialidad\u00a0 &#8211;\u00a0 Reglamento europeo sobre la protecci\u00f3n de los datos<\/strong><\/p>\n<p>Las informaciones personales recopiladas provienen de los formularios y de la interactividad establecida entre usted y nuestro sitio Web. Su finalidad es el poder dar respuesta a sus preguntas, la creaci\u00f3n y la supervisi\u00f3n de su estancia, la factura de su estancia, el establecimiento de estad\u00edsticas y la creaci\u00f3n de publicidades espec\u00edficas.<\/p>\n<p>Al reservar una vacaci\u00f3n en el <strong>Camping le Puigmal<\/strong>, y salvo menci\u00f3n contraria de su parte, el usuario acepta de antemano la recepci\u00f3n de una encuesta a fin de conocer el grado de satisfacci\u00f3n del cliente. Las respuestas y comentarios a esta encuesta son absolutamente confidenciales, destinados a un uso exclusivo interno, sin ninguna publicaci\u00f3n posterior. De manera general, todos los datos personales que usted nos comunique son destinados al uso exclusivo del <strong>Camping le Puigmal<\/strong>. Son confidenciales y tratadas como tales, y por lo tanto, en ninguna medida ser\u00e1n comunicados a otras personas.<\/p>\n<p>Estas informaciones personales se guardan en un entorno seguro. No obstante, ya que ning\u00fan mecanismo es infalible, una parte de riesgo est\u00e1 presente al utilizar internet como medio de comunicaci\u00f3n de dichos datos personales.<\/p>\n<p>Nuestro sitio utiliza cookies \u2013 peque\u00f1os archivos de texto situados en su aparato para ayudar al sitio Web a mejorar su experiencia como usuario. En general, las cookies se utilizan para conservar las preferencias del usuario, guardar informaciones de tipo como la cesta de compra y proporcionar datos de seguimiento an\u00f3nimo a aplicaciones externas como Google Analytics. De manera general, las cookies optimizar\u00e1n su experiencia de navegaci\u00f3n. Sin embargo, usted puede desactivar las cookies tanto de este sitio como de otros. El medio m\u00e1s eficaz consiste en desactivar las cookies a partir de su propio navegador. Le sugerimos que consulte la secci\u00f3n de Ayuda de su navegador o que consulte el sitio Web \u201cA propos des cookies\u201d (en ingl\u00e9s) el cual propone consejos para todos los navegadores modernos.<\/p>\n<p>Los datos recogidos por las cookies nos permiten establecer estad\u00edsticas de las visitas hechas a nuestro sitio internet, sin identificaci\u00f3n del internauta. La direcci\u00f3n IP de su ordenador no es recopilada.<\/p>\n<p>Conforme a las disposiciones de la ley del 6 de enero de 1978 modificada relativa a la inform\u00e1tica, a los archivos y a las libertades, el tratamiento automatizado de los datos nominativos realizados a partir del sitio <a href=\"http:\/\/www.camping-le-puigmal.fr\/\">http:\/\/www.camping-le-puigmal.fr<\/a> ha sido declarado ante la Comisi\u00f3n nacional de la inform\u00e1tica y de las libertades (CNIL) con el n\u00famero\u2026\u2026\u2026. Conforme a la ley del 6 de enero de 1978 modificada relativa a la inform\u00e1tica, a los archivos y a las libertades, el usuario dispone del derecho de acceso, de correcci\u00f3n, de oposici\u00f3n y de retiro de los datos personales que le conciernen, efectuando una petici\u00f3n escrita por correo electr\u00f3nico a <a href=\"mailto:contact@camping-le-puigmal.fr\">contact@camping-le-puigmal.fr<\/a> , o por correo postal a la siguiente direcci\u00f3n : Camping Le Puigmal \u2013 30, route de Puigmal \u2013 66800 ERR.<\/p>\n<p><strong>Mediaci\u00f3n<\/strong><\/p>\n<p>Cualquier eventual reclamaci\u00f3n que concierna la no-conformidad de las prestaciones con respecto a\u00a0 los compromisos contractuales puede ser se\u00f1alada por correo certificado con aviso de recibo o por e-mail al Camping Le Puigmal.<\/p>\n<p>Mediaci\u00f3n : Dentro del marco de un litigio y tras haber contactado el Servicio al Cliente (enviando un correo recomendado con aviso de recibo al Camping Le Puigmal \u2013 30, route du Puigmal \u2013 66800 ERR), todo cliente puede dirigirse a un mediador del consumo, en un plazo m\u00e1ximo de un a\u00f1o a partir de la fecha de reclamaci\u00f3n escrita. La solicitud de resoluci\u00f3n amistosa por mediaci\u00f3n puede presentarse ante:<br \/>\n<strong>CM2C<\/strong> (Centre de la M\u00e9diation de la Consommation de Conciliateurs de Justice) \u2013 49 rue de Ponthieu \u2013 75008 Paris \/ Tlf : + 33 1 89 47 00 14<br \/>\nWeb : www.cm2c.net<br \/>\nEmail : <a class=\"link link-md\" href=\"mailto:cm2c@cm2c.net\">cm2c@cm2c.net<\/a><\/p>\n<p><strong>Propiedad intelectual<\/strong><\/p>\n<p>Todos los elementos del sitio <a href=\"http:\/\/www.camping-le-puigmal.fr\/\">http:\/\/www.camping-le-puigmal.fr<\/a> , textos, fotograf\u00edas, videos, im\u00e1genes, sonidos, esl\u00f3ganes, logos diferentes de los asociados, son propiedad de la Sra Marie-Louise VILALTE, salvo menciones especiales de copyright y terceras partes que hayan autorizado a la Sra Marie-Louise VILALTE a utilizarlos, y son protegidos como tales por las disposiciones del C\u00f3digo de la propiedad intelectual.<\/p>\n<p>Cualquier reproducci\u00f3n, representaci\u00f3n, uso, adaptaci\u00f3n, modificaci\u00f3n, incorporaci\u00f3n, traducci\u00f3n, comercio, parcial o integral por cualquier procedimiento o de cualquier manera (papel, digital, etc) est\u00e1n prohibidos sin previa autorizaci\u00f3n escrita de la Sra Marie-Louise VILALTE, salvo las excepciones observadas en el art\u00edculo L 122.5 del C\u00f3digo de la Propiedad Intelectual, bajo pena de constituir un delito de falsificaci\u00f3n de derecho de autor y\/o de dibujos y modelos y\/o de marca, castigado con dos a\u00f1os de prisi\u00f3n y con 150\u00a0000 euros de multa.<\/p>\n<p>Las reproducciones, en versi\u00f3n papel o digital, de dicho sitio son autorizadas siempre y cuando su uso sea estrictamente personal, excluyendo todo uso con fines publicitarios y\/o comerciales y\/o de informaci\u00f3n y\/o que sean conformes a los dispositivos del art\u00edculo L 122-5 del C\u00f3digo de la Propiedad Intelectual.<\/p>\n<p><strong>Informaciones y actualizaci\u00f3n<\/strong><\/p>\n<p>Dentro del marco de una mejora de sus productos y de sus servicios, el Camping Le Puigmal puede modificar en cualquier momento las caracter\u00edsticas de su oferta. En todo caso, las informaciones que se encuentran en el sitio son informaciones de car\u00e1cter general y carecen de valor contractual. El Camping Le Puigmal se reserva el derecho de modificar y de actualizar, sin previo aviso, las actuales menciones legales y todos los elementos, productos o servicios presentados en el sitio. El conjunto de estas modificaciones es as\u00ed impuesto a los internautas, quienes deben consultar estas Condiciones Generales a cada conexi\u00f3n.<\/p>\n<p><strong>Limitaci\u00f3n de la responsabilidad<\/strong><\/p>\n<p>El internauta utiliza el sitio <a href=\"http:\/\/www.camping-le-puigmal.fr\/\">http:\/\/www.camping-le-puigmal.fr<\/a> bajo su \u00fanica y entera responsabilidad. La Sra Marie-Louise VILALTE no ser\u00e1 considerada responsable de los da\u00f1os causados, directos o indirectos, tales como el perjuicio material, la p\u00e9rdida de datos o de programaci\u00f3n, el perjuicio financiero, que pudieran resultar del uso del presente sitio o de cualquier sitio que asociado a \u00e9l.<\/p>\n<p><strong>Hiperenlaces<\/strong><\/p>\n<p>La creaci\u00f3n de un hiperenlace hacia el sitio <a href=\"http:\/\/www.camping-le-puigmal.fr\/\">http:\/\/www.camping-le-puigmal.fr<\/a> necesita la autorizaci\u00f3n previa y escrita por parte de la Sra Marie-Louise VILALTE. Ciertos hiperenlaces permiten el acceso a otros sitios Web a partir del sitio <a href=\"http:\/\/www.camping-le-puigmal.fr\/\">http:\/\/www.camping-le-puigmal.fr<\/a>. La Sra Marie-Lou VILALTE no puede ser considerada como responsable del contenido o del acceso a los sitios que pueden ser visitados a partir de dichos hiperenlaces.<\/p>\n","protected":false},"excerpt":{"rendered":"<p>El sitio internet http:\/\/www.camping-le-puigmal.fr\u00a0 y las presentes condiciones generales de uso est\u00e1n sometidos a la ley francesa. El usuario reconoce haber le\u00eddo las presentes condiciones de uso y se compromete a respetarlas. El Camping Le Puigmal se reserva el derecho de\u00a0 modificar las presentes menciones en todo momento. El usuario se compromete a consultarlas regularmente.<\/p>\n<div class='read-more-button'><a class='read-more-link' href='https:\/\/camping-le-puigmal.fr\/ca\/informacio-legal\/' style='border: 1px solid #257a42'>Read more&#8230;<\/a><\/div>\n","protected":false},"author":2,"featured_media":0,"parent":0,"menu_order":0,"comment_status":"closed","ping_status":"closed","template":"","meta":{"footnotes":""},"class_list":["post-495","page","type-page","status-publish","hentry"],"aioseo_notices":[],"_links":{"self":[{"href":"https:\/\/camping-le-puigmal.fr\/ca\/wp-json\/wp\/v2\/pages\/495","targetHints":{"allow":["GET"]}}],"collection":[{"href":"https:\/\/camping-le-puigmal.fr\/ca\/wp-json\/wp\/v2\/pages"}],"about":[{"href":"https:\/\/camping-le-puigmal.fr\/ca\/wp-json\/wp\/v2\/types\/page"}],"author":[{"embeddable":true,"href":"https:\/\/camping-le-puigmal.fr\/ca\/wp-json\/wp\/v2\/users\/2"}],"replies":[{"embeddable":true,"href":"https:\/\/camping-le-puigmal.fr\/ca\/wp-json\/wp\/v2\/comments?post=495"}],"version-history":[{"count":3,"href":"https:\/\/camping-le-puigmal.fr\/ca\/wp-json\/wp\/v2\/pages\/495\/revisions"}],"predecessor-version":[{"id":1834,"href":"https:\/\/camping-le-puigmal.fr\/ca\/wp-json\/wp\/v2\/pages\/495\/revisions\/1834"}],"wp:attachment":[{"href":"https:\/\/camping-le-puigmal.fr\/ca\/wp-json\/wp\/v2\/media?parent=495"}],"curies":[{"name":"wp","href":"https:\/\/api.w.org\/{rel}","templated":true}]}}